{"id":1321,"date":"2024-03-05T11:13:48","date_gmt":"2024-03-05T11:13:48","guid":{"rendered":"https:\/\/proactivebeing.com\/?page_id=1321"},"modified":"2024-07-10T09:38:17","modified_gmt":"2024-07-10T09:38:17","slug":"e-bok-proaktivt","status":"publish","type":"page","link":"https:\/\/proactivebeing.com\/sv\/e-bok-proaktivt\/","title":{"rendered":"E-bok Proaktivt"},"content":{"rendered":"\t\t<div data-elementor-type=\"wp-page\" data-elementor-id=\"1321\" class=\"elementor elementor-1321\" data-elementor-post-type=\"page\">\n\t\t\t\t\t\t<section data-particle_enable=\"false\" data-particle-mobile-disabled=\"false\" class=\"elementor-section elementor-top-section elementor-element elementor-element-7cf2f97 elementor-section-height-min-height elementor-section-stretched animated-slow elementor-section-boxed elementor-section-height-default elementor-section-items-middle\" data-id=\"7cf2f97\" data-element_type=\"section\" data-e-type=\"section\" data-settings=\"{&quot;background_background&quot;:&quot;classic&quot;,&quot;stretch_section&quot;:&quot;section-stretched&quot;,&quot;animation&quot;:&quot;none&quot;}\">\n\t\t\t\t\t\t\t<div class=\"elementor-background-overlay\"><\/div>\n\t\t\t\t\t\t\t<div class=\"elementor-container elementor-column-gap-default\">\n\t\t\t\t\t<div class=\"elementor-column elementor-col-100 elementor-top-column elementor-element elementor-element-298fcae\" data-id=\"298fcae\" data-element_type=\"column\" data-e-type=\"column\">\n\t\t\t<div class=\"elementor-widget-wrap elementor-element-populated\">\n\t\t\t\t\t\t<div class=\"elementor-element elementor-element-55e4d60 elementor-widget elementor-widget-heading\" data-id=\"55e4d60\" data-element_type=\"widget\" data-e-type=\"widget\" data-settings=\"{&quot;_animation_mobile&quot;:&quot;none&quot;}\" data-widget_type=\"heading.default\">\n\t\t\t\t<div class=\"elementor-widget-container\">\n\t\t\t\t\t<h1 class=\"elementor-heading-title elementor-size-default\">Anv\u00e4nd hj\u00e4rna, kropp och natur f\u00f6r f\u00f6r\u00e4ndring<\/h1>\t\t\t\t<\/div>\n\t\t\t\t<\/div>\n\t\t\t\t<div class=\"elementor-element elementor-element-7344602 elementor-widget elementor-widget-heading\" data-id=\"7344602\" data-element_type=\"widget\" data-e-type=\"widget\" data-widget_type=\"heading.default\">\n\t\t\t\t<div class=\"elementor-widget-container\">\n\t\t\t\t\t<h2 class=\"elementor-heading-title elementor-size-default\">E-bok av Otto Juhl Nielsen &amp; Rasmus Brems-Hulgaard <\/h2>\t\t\t\t<\/div>\n\t\t\t\t<\/div>\n\t\t\t\t\t<\/div>\n\t\t<\/div>\n\t\t\t\t\t<\/div>\n\t\t<\/section>\n\t\t\t\t<section data-particle_enable=\"false\" data-particle-mobile-disabled=\"false\" class=\"elementor-section elementor-top-section elementor-element elementor-element-9eddc4c elementor-section-boxed elementor-section-height-default elementor-section-height-default\" data-id=\"9eddc4c\" data-element_type=\"section\" data-e-type=\"section\" data-settings=\"{&quot;background_background&quot;:&quot;classic&quot;}\">\n\t\t\t\t\t\t<div class=\"elementor-container elementor-column-gap-default\">\n\t\t\t\t\t<div class=\"elementor-column elementor-col-100 elementor-top-column elementor-element elementor-element-404f418\" data-id=\"404f418\" data-element_type=\"column\" data-e-type=\"column\">\n\t\t\t<div class=\"elementor-widget-wrap elementor-element-populated\">\n\t\t\t\t\t\t<div class=\"elementor-element elementor-element-3db053c elementor-widget elementor-widget-heading\" data-id=\"3db053c\" data-element_type=\"widget\" data-e-type=\"widget\" data-widget_type=\"heading.default\">\n\t\t\t\t<div class=\"elementor-widget-container\">\n\t\t\t\t\t<h2 class=\"elementor-heading-title elementor-size-default\">Om boken<\/h2>\t\t\t\t<\/div>\n\t\t\t\t<\/div>\n\t\t\t\t<div class=\"elementor-element elementor-element-231feab elementor-widget elementor-widget-text-editor\" data-id=\"231feab\" data-element_type=\"widget\" data-e-type=\"widget\" data-widget_type=\"text-editor.default\">\n\t\t\t\t<div class=\"elementor-widget-container\">\n\t\t\t\t\t\t\t\t\t<p>Bokens titel, &#8221;Anv\u00e4nd hj\u00e4rna, kropp och natur f\u00f6r f\u00f6r\u00e4ndring \u2013 PROAKTIVT,&#8221; inneh\u00e5ller tv\u00e5 uppmaningar.<\/p><p>F\u00f6r det f\u00f6rsta att \u00f6ka medvetenheten om vem som styr dina vanor och sedan att v\u00e4lja proaktiva positioner i dina fyra livsomr\u00e5den: arbete, familj, fritid och samh\u00e4llsliv.<\/p><p>Boken ger dig svaret p\u00e5 vad proaktivitet \u00e4r och hur du kan beh\u00e5lla en proaktiv position i avg\u00f6rande situationer f\u00f6r dig som ledare, medarbetare, f\u00f6r\u00e4lder, volont\u00e4r och samh\u00e4llsmedlem.<\/p><p>Boken utmanar dig att ta ansvar och endast skylla p\u00e5 dig sj\u00e4lv. \u00d6nska inte f\u00e4rre problem i din vardag, utan fler f\u00e4rdigheter. \u00d6nska inte att allt ska vara l\u00e4ttare, utan att du ska vara b\u00e4ttre. L\u00e4r dig s\u00e5 mycket som m\u00f6jligt varje dag och dela dina erfarenheter med andra.<\/p><p>\u00d6va dig p\u00e5 att dela med dig och du kommer att f\u00e5 tillbaka i riklig m\u00e5n. N\u00e4r du arbetar med proaktiva positioner skapar de utrymme f\u00f6r dig och dina h\u00e5llbara kompetenser. Centrala i processen \u00e4r dina v\u00e4rderingar och din kommunikation med fokus p\u00e5 m\u00e5ls\u00e4ttning, problemhantering och f\u00f6rm\u00e5gan att lyssna och st\u00e4lla fr\u00e5gor.<\/p><p>Bokens fr\u00e5gor hj\u00e4lper dig att klarg\u00f6ra sammanhang, skapa en gemensam grund, s\u00f6ka information och f\u00e5 klarhet i m\u00e5l, ramar, riktning och handling.<\/p><p>Att utv\u00e4rdera l\u00e4rande. Att unders\u00f6ka fr\u00e5gors relevans och effekt. Att se m\u00f6nster och alternativa tolkningar. Att ifr\u00e5gas\u00e4tta styrande antaganden, sj\u00e4lvf\u00f6rst\u00e5else, f\u00f6rdomar och sanningar f\u00f6r att l\u00e5sa upp proaktiva positioner och se alternativa m\u00f6jligheter. Du b\u00f6r och kan framg\u00e5ngsrikt b\u00f6rja med dig sj\u00e4lv.<\/p>\t\t\t\t\t\t\t\t<\/div>\n\t\t\t\t<\/div>\n\t\t\t\t\t<\/div>\n\t\t<\/div>\n\t\t\t\t\t<\/div>\n\t\t<\/section>\n\t\t\t\t<\/div>\n\t\t","protected":false},"excerpt":{"rendered":"<p>Anv\u00e4nd hj\u00e4rna, kropp och natur f\u00f6r f\u00f6r\u00e4ndring E-bok av Otto Juhl Nielsen &amp; Rasmus Brems-Hulgaard Om boken Bokens titel, &#8221;Anv\u00e4nd hj\u00e4rna, kropp och natur f\u00f6r f\u00f6r\u00e4ndring \u2013 PROAKTIVT,&#8221; inneh\u00e5ller tv\u00e5 uppmaningar. F\u00f6r det f\u00f6rsta att \u00f6ka medvetenheten om vem som styr dina vanor och sedan att v\u00e4lja proaktiva positioner i dina fyra livsomr\u00e5den: arbete, familj, [&hellip;]<\/p>\n","protected":false},"author":1,"featured_media":1131,"parent":0,"menu_order":0,"comment_status":"closed","ping_status":"closed","template":"elementor_header_footer","meta":{"footnotes":""},"class_list":["post-1321","page","type-page","status-publish","has-post-thumbnail","hentry"],"yoast_head":"<!-- This site is optimized with the Yoast SEO plugin v27.5 - https:\/\/yoast.com\/product\/yoast-seo-wordpress\/ -->\n<title>Anv\u00e4nd hj\u00e4rna, kropp och natur f\u00f6r f\u00f6r\u00e4ndring \u2013 PROAKTIVT<\/title>\n<meta name=\"description\" content=\"Boken inneh\u00e5ller tv\u00e5 uppmaningar. F\u00f6r det f\u00f6rsta att \u00f6ka medvetenheten om vem som styr dina vanor och sedan att v\u00e4lja proaktiva positioner.\" \/>\n<meta name=\"robots\" content=\"index, follow, max-snippet:-1, max-image-preview:large, max-video-preview:-1\" \/>\n<link rel=\"canonical\" href=\"https:\/\/proactivebeing.com\/sv\/e-bok-proaktivt\/\" \/>\n<meta property=\"og:locale\" content=\"sv_SE\" \/>\n<meta property=\"og:type\" content=\"article\" \/>\n<meta property=\"og:title\" content=\"Anv\u00e4nd hj\u00e4rna, kropp och natur f\u00f6r f\u00f6r\u00e4ndring \u2013 PROAKTIVT\" \/>\n<meta property=\"og:description\" content=\"Boken inneh\u00e5ller tv\u00e5 uppmaningar. F\u00f6r det f\u00f6rsta att \u00f6ka medvetenheten om vem som styr dina vanor och sedan att v\u00e4lja proaktiva positioner.\" \/>\n<meta property=\"og:url\" content=\"https:\/\/proactivebeing.com\/sv\/e-bok-proaktivt\/\" \/>\n<meta property=\"og:site_name\" content=\"Proactive Being\" \/>\n<meta property=\"article:modified_time\" content=\"2024-07-10T09:38:17+00:00\" \/>\n<meta property=\"og:image\" content=\"https:\/\/proactivebeing.com\/wp-content\/uploads\/2024\/03\/Proaktiv-forside.png\" \/>\n\t<meta property=\"og:image:width\" content=\"1140\" \/>\n\t<meta property=\"og:image:height\" content=\"798\" \/>\n\t<meta property=\"og:image:type\" content=\"image\/png\" \/>\n<meta name=\"twitter:card\" content=\"summary_large_image\" \/>\n<meta name=\"twitter:label1\" content=\"Ber\u00e4knad l\u00e4stid\" \/>\n\t<meta name=\"twitter:data1\" content=\"2 minuter\" \/>\n<script type=\"application\/ld+json\" class=\"yoast-schema-graph\">{\"@context\":\"https:\\\/\\\/schema.org\",\"@graph\":[{\"@type\":\"WebPage\",\"@id\":\"https:\\\/\\\/proactivebeing.com\\\/sv\\\/e-bok-proaktivt\\\/\",\"url\":\"https:\\\/\\\/proactivebeing.com\\\/sv\\\/e-bok-proaktivt\\\/\",\"name\":\"Anv\u00e4nd hj\u00e4rna, kropp och natur f\u00f6r f\u00f6r\u00e4ndring \u2013 PROAKTIVT\",\"isPartOf\":{\"@id\":\"https:\\\/\\\/proactivebeing.com\\\/sv\\\/#website\"},\"primaryImageOfPage\":{\"@id\":\"https:\\\/\\\/proactivebeing.com\\\/sv\\\/e-bok-proaktivt\\\/#primaryimage\"},\"image\":{\"@id\":\"https:\\\/\\\/proactivebeing.com\\\/sv\\\/e-bok-proaktivt\\\/#primaryimage\"},\"thumbnailUrl\":\"https:\\\/\\\/proactivebeing.com\\\/wp-content\\\/uploads\\\/2024\\\/03\\\/Proaktiv-forside.png\",\"datePublished\":\"2024-03-05T11:13:48+00:00\",\"dateModified\":\"2024-07-10T09:38:17+00:00\",\"description\":\"Boken inneh\u00e5ller tv\u00e5 uppmaningar. F\u00f6r det f\u00f6rsta att \u00f6ka medvetenheten om vem som styr dina vanor och sedan att v\u00e4lja proaktiva positioner.\",\"breadcrumb\":{\"@id\":\"https:\\\/\\\/proactivebeing.com\\\/sv\\\/e-bok-proaktivt\\\/#breadcrumb\"},\"inLanguage\":\"sv-SE\",\"potentialAction\":[{\"@type\":\"ReadAction\",\"target\":[\"https:\\\/\\\/proactivebeing.com\\\/sv\\\/e-bok-proaktivt\\\/\"]}]},{\"@type\":\"ImageObject\",\"inLanguage\":\"sv-SE\",\"@id\":\"https:\\\/\\\/proactivebeing.com\\\/sv\\\/e-bok-proaktivt\\\/#primaryimage\",\"url\":\"https:\\\/\\\/proactivebeing.com\\\/wp-content\\\/uploads\\\/2024\\\/03\\\/Proaktiv-forside.png\",\"contentUrl\":\"https:\\\/\\\/proactivebeing.com\\\/wp-content\\\/uploads\\\/2024\\\/03\\\/Proaktiv-forside.png\",\"width\":1140,\"height\":798},{\"@type\":\"BreadcrumbList\",\"@id\":\"https:\\\/\\\/proactivebeing.com\\\/sv\\\/e-bok-proaktivt\\\/#breadcrumb\",\"itemListElement\":[{\"@type\":\"ListItem\",\"position\":1,\"name\":\"Hjem\",\"item\":\"https:\\\/\\\/proactivebeing.com\\\/sv\\\/\"},{\"@type\":\"ListItem\",\"position\":2,\"name\":\"E-bok Proaktivt\"}]},{\"@type\":\"WebSite\",\"@id\":\"https:\\\/\\\/proactivebeing.com\\\/sv\\\/#website\",\"url\":\"https:\\\/\\\/proactivebeing.com\\\/sv\\\/\",\"name\":\"Proactive Being\",\"description\":\"Brug hjerne, krop og natur til en forandring PROAKTIVT\",\"publisher\":{\"@id\":\"https:\\\/\\\/proactivebeing.com\\\/sv\\\/#organization\"},\"alternateName\":\"Brug hjerne, krop og natur til en forandring\",\"potentialAction\":[{\"@type\":\"SearchAction\",\"target\":{\"@type\":\"EntryPoint\",\"urlTemplate\":\"https:\\\/\\\/proactivebeing.com\\\/sv\\\/?s={search_term_string}\"},\"query-input\":{\"@type\":\"PropertyValueSpecification\",\"valueRequired\":true,\"valueName\":\"search_term_string\"}}],\"inLanguage\":\"sv-SE\"},{\"@type\":\"Organization\",\"@id\":\"https:\\\/\\\/proactivebeing.com\\\/sv\\\/#organization\",\"name\":\"Proactive Being\",\"alternateName\":\"Brug hjerne, krop og natur til en forandring\",\"url\":\"https:\\\/\\\/proactivebeing.com\\\/sv\\\/\",\"logo\":{\"@type\":\"ImageObject\",\"inLanguage\":\"sv-SE\",\"@id\":\"https:\\\/\\\/proactivebeing.com\\\/sv\\\/#\\\/schema\\\/logo\\\/image\\\/\",\"url\":\"https:\\\/\\\/proactivebeing.com\\\/wp-content\\\/uploads\\\/2024\\\/03\\\/cropped-Proactive-Being-logo-Bold.png\",\"contentUrl\":\"https:\\\/\\\/proactivebeing.com\\\/wp-content\\\/uploads\\\/2024\\\/03\\\/cropped-Proactive-Being-logo-Bold.png\",\"width\":1054,\"height\":361,\"caption\":\"Proactive Being\"},\"image\":{\"@id\":\"https:\\\/\\\/proactivebeing.com\\\/sv\\\/#\\\/schema\\\/logo\\\/image\\\/\"}}]}<\/script>\n<!-- \/ Yoast SEO plugin. -->","yoast_head_json":{"title":"Anv\u00e4nd hj\u00e4rna, kropp och natur f\u00f6r f\u00f6r\u00e4ndring \u2013 PROAKTIVT","description":"Boken inneh\u00e5ller tv\u00e5 uppmaningar. F\u00f6r det f\u00f6rsta att \u00f6ka medvetenheten om vem som styr dina vanor och sedan att v\u00e4lja proaktiva positioner.","robots":{"index":"index","follow":"follow","max-snippet":"max-snippet:-1","max-image-preview":"max-image-preview:large","max-video-preview":"max-video-preview:-1"},"canonical":"https:\/\/proactivebeing.com\/sv\/e-bok-proaktivt\/","og_locale":"sv_SE","og_type":"article","og_title":"Anv\u00e4nd hj\u00e4rna, kropp och natur f\u00f6r f\u00f6r\u00e4ndring \u2013 PROAKTIVT","og_description":"Boken inneh\u00e5ller tv\u00e5 uppmaningar. F\u00f6r det f\u00f6rsta att \u00f6ka medvetenheten om vem som styr dina vanor och sedan att v\u00e4lja proaktiva positioner.","og_url":"https:\/\/proactivebeing.com\/sv\/e-bok-proaktivt\/","og_site_name":"Proactive Being","article_modified_time":"2024-07-10T09:38:17+00:00","og_image":[{"width":1140,"height":798,"url":"https:\/\/proactivebeing.com\/wp-content\/uploads\/2024\/03\/Proaktiv-forside.png","type":"image\/png"}],"twitter_card":"summary_large_image","twitter_misc":{"Ber\u00e4knad l\u00e4stid":"2 minuter"},"schema":{"@context":"https:\/\/schema.org","@graph":[{"@type":"WebPage","@id":"https:\/\/proactivebeing.com\/sv\/e-bok-proaktivt\/","url":"https:\/\/proactivebeing.com\/sv\/e-bok-proaktivt\/","name":"Anv\u00e4nd hj\u00e4rna, kropp och natur f\u00f6r f\u00f6r\u00e4ndring \u2013 PROAKTIVT","isPartOf":{"@id":"https:\/\/proactivebeing.com\/sv\/#website"},"primaryImageOfPage":{"@id":"https:\/\/proactivebeing.com\/sv\/e-bok-proaktivt\/#primaryimage"},"image":{"@id":"https:\/\/proactivebeing.com\/sv\/e-bok-proaktivt\/#primaryimage"},"thumbnailUrl":"https:\/\/proactivebeing.com\/wp-content\/uploads\/2024\/03\/Proaktiv-forside.png","datePublished":"2024-03-05T11:13:48+00:00","dateModified":"2024-07-10T09:38:17+00:00","description":"Boken inneh\u00e5ller tv\u00e5 uppmaningar. F\u00f6r det f\u00f6rsta att \u00f6ka medvetenheten om vem som styr dina vanor och sedan att v\u00e4lja proaktiva positioner.","breadcrumb":{"@id":"https:\/\/proactivebeing.com\/sv\/e-bok-proaktivt\/#breadcrumb"},"inLanguage":"sv-SE","potentialAction":[{"@type":"ReadAction","target":["https:\/\/proactivebeing.com\/sv\/e-bok-proaktivt\/"]}]},{"@type":"ImageObject","inLanguage":"sv-SE","@id":"https:\/\/proactivebeing.com\/sv\/e-bok-proaktivt\/#primaryimage","url":"https:\/\/proactivebeing.com\/wp-content\/uploads\/2024\/03\/Proaktiv-forside.png","contentUrl":"https:\/\/proactivebeing.com\/wp-content\/uploads\/2024\/03\/Proaktiv-forside.png","width":1140,"height":798},{"@type":"BreadcrumbList","@id":"https:\/\/proactivebeing.com\/sv\/e-bok-proaktivt\/#breadcrumb","itemListElement":[{"@type":"ListItem","position":1,"name":"Hjem","item":"https:\/\/proactivebeing.com\/sv\/"},{"@type":"ListItem","position":2,"name":"E-bok Proaktivt"}]},{"@type":"WebSite","@id":"https:\/\/proactivebeing.com\/sv\/#website","url":"https:\/\/proactivebeing.com\/sv\/","name":"Proactive Being","description":"Brug hjerne, krop og natur til en forandring PROAKTIVT","publisher":{"@id":"https:\/\/proactivebeing.com\/sv\/#organization"},"alternateName":"Brug hjerne, krop og natur til en forandring","potentialAction":[{"@type":"SearchAction","target":{"@type":"EntryPoint","urlTemplate":"https:\/\/proactivebeing.com\/sv\/?s={search_term_string}"},"query-input":{"@type":"PropertyValueSpecification","valueRequired":true,"valueName":"search_term_string"}}],"inLanguage":"sv-SE"},{"@type":"Organization","@id":"https:\/\/proactivebeing.com\/sv\/#organization","name":"Proactive Being","alternateName":"Brug hjerne, krop og natur til en forandring","url":"https:\/\/proactivebeing.com\/sv\/","logo":{"@type":"ImageObject","inLanguage":"sv-SE","@id":"https:\/\/proactivebeing.com\/sv\/#\/schema\/logo\/image\/","url":"https:\/\/proactivebeing.com\/wp-content\/uploads\/2024\/03\/cropped-Proactive-Being-logo-Bold.png","contentUrl":"https:\/\/proactivebeing.com\/wp-content\/uploads\/2024\/03\/cropped-Proactive-Being-logo-Bold.png","width":1054,"height":361,"caption":"Proactive Being"},"image":{"@id":"https:\/\/proactivebeing.com\/sv\/#\/schema\/logo\/image\/"}}]}},"_links":{"self":[{"href":"https:\/\/proactivebeing.com\/sv\/wp-json\/wp\/v2\/pages\/1321","targetHints":{"allow":["GET"]}}],"collection":[{"href":"https:\/\/proactivebeing.com\/sv\/wp-json\/wp\/v2\/pages"}],"about":[{"href":"https:\/\/proactivebeing.com\/sv\/wp-json\/wp\/v2\/types\/page"}],"author":[{"embeddable":true,"href":"https:\/\/proactivebeing.com\/sv\/wp-json\/wp\/v2\/users\/1"}],"replies":[{"embeddable":true,"href":"https:\/\/proactivebeing.com\/sv\/wp-json\/wp\/v2\/comments?post=1321"}],"version-history":[{"count":5,"href":"https:\/\/proactivebeing.com\/sv\/wp-json\/wp\/v2\/pages\/1321\/revisions"}],"predecessor-version":[{"id":1378,"href":"https:\/\/proactivebeing.com\/sv\/wp-json\/wp\/v2\/pages\/1321\/revisions\/1378"}],"wp:featuredmedia":[{"embeddable":true,"href":"https:\/\/proactivebeing.com\/sv\/wp-json\/wp\/v2\/media\/1131"}],"wp:attachment":[{"href":"https:\/\/proactivebeing.com\/sv\/wp-json\/wp\/v2\/media?parent=1321"}],"curies":[{"name":"wp","href":"https:\/\/api.w.org\/{rel}","templated":true}]}}