{"id":1328,"date":"2024-03-08T17:42:14","date_gmt":"2024-03-08T17:42:14","guid":{"rendered":"https:\/\/proactivebeing.com\/?page_id=1328"},"modified":"2024-07-10T09:55:22","modified_gmt":"2024-07-10T09:55:22","slug":"skraddarsydda-seminarier","status":"publish","type":"page","link":"https:\/\/proactivebeing.com\/sv\/skraddarsydda-seminarier\/","title":{"rendered":"Skr\u00e4ddarsydda Seminarier"},"content":{"rendered":"\t\t<div data-elementor-type=\"wp-page\" data-elementor-id=\"1328\" class=\"elementor elementor-1328\" data-elementor-post-type=\"page\">\n\t\t\t\t\t\t<section data-particle_enable=\"false\" data-particle-mobile-disabled=\"false\" class=\"elementor-section elementor-top-section elementor-element elementor-element-4659ff3 elementor-section-boxed elementor-section-height-default elementor-section-height-default\" data-id=\"4659ff3\" data-element_type=\"section\" data-e-type=\"section\" data-settings=\"{&quot;background_background&quot;:&quot;classic&quot;}\">\n\t\t\t\t\t\t<div class=\"elementor-container elementor-column-gap-default\">\n\t\t\t\t\t<div class=\"elementor-column elementor-col-100 elementor-top-column elementor-element elementor-element-4e83ac2\" data-id=\"4e83ac2\" data-element_type=\"column\" data-e-type=\"column\">\n\t\t\t<div class=\"elementor-widget-wrap elementor-element-populated\">\n\t\t\t\t\t\t<div class=\"elementor-element elementor-element-55e4d60 elementor-widget elementor-widget-heading\" data-id=\"55e4d60\" data-element_type=\"widget\" data-e-type=\"widget\" data-widget_type=\"heading.default\">\n\t\t\t\t<div class=\"elementor-widget-container\">\n\t\t\t\t\t<h1 class=\"elementor-heading-title elementor-size-default\">Skr\u00e4ddarsydda Seminarier\n<\/h1>\t\t\t\t<\/div>\n\t\t\t\t<\/div>\n\t\t\t\t<div class=\"elementor-element elementor-element-7be76dd elementor-widget elementor-widget-text-editor\" data-id=\"7be76dd\" data-element_type=\"widget\" data-e-type=\"widget\" data-widget_type=\"text-editor.default\">\n\t\t\t\t<div class=\"elementor-widget-container\">\n\t\t\t\t\t\t\t\t\t<p>Optimera dina proaktiva f\u00e4rdigheter\u00a0<\/p>\t\t\t\t\t\t\t\t<\/div>\n\t\t\t\t<\/div>\n\t\t\t\t<div class=\"elementor-element elementor-element-55544cc elementor-widget elementor-widget-video\" data-id=\"55544cc\" data-element_type=\"widget\" data-e-type=\"widget\" data-settings=\"{&quot;video_type&quot;:&quot;hosted&quot;,&quot;autoplay&quot;:&quot;yes&quot;,&quot;play_on_mobile&quot;:&quot;yes&quot;,&quot;controls&quot;:&quot;yes&quot;}\" data-widget_type=\"video.default\">\n\t\t\t\t<div class=\"elementor-widget-container\">\n\t\t\t\t\t\t\t<div class=\"e-hosted-video elementor-wrapper elementor-open-inline\">\n\t\t\t\t\t<video class=\"elementor-video\" src=\"https:\/\/proactivebeing.com\/wp-content\/uploads\/2024\/01\/PB-video-16-9-w_sub.mov\" autoplay=\"\" controls=\"\" playsinline=\"\" controlsList=\"nodownload\"><\/video>\n\t\t\t\t<\/div>\n\t\t\t\t\t\t<\/div>\n\t\t\t\t<\/div>\n\t\t\t\t\t<\/div>\n\t\t<\/div>\n\t\t\t\t\t<\/div>\n\t\t<\/section>\n\t\t\t\t<section data-particle_enable=\"false\" data-particle-mobile-disabled=\"false\" class=\"elementor-section elementor-top-section elementor-element elementor-element-0a87185 elementor-section-boxed elementor-section-height-default elementor-section-height-default\" data-id=\"0a87185\" data-element_type=\"section\" data-e-type=\"section\">\n\t\t\t\t\t\t<div class=\"elementor-container elementor-column-gap-default\">\n\t\t\t\t\t<div class=\"elementor-column elementor-col-50 elementor-top-column elementor-element elementor-element-2b81b20\" data-id=\"2b81b20\" data-element_type=\"column\" data-e-type=\"column\">\n\t\t\t<div class=\"elementor-widget-wrap elementor-element-populated\">\n\t\t\t\t\t\t<div class=\"elementor-element elementor-element-a6d5d10 elementor-widget elementor-widget-heading\" data-id=\"a6d5d10\" data-element_type=\"widget\" data-e-type=\"widget\" data-widget_type=\"heading.default\">\n\t\t\t\t<div class=\"elementor-widget-container\">\n\t\t\t\t\t<h2 class=\"elementor-heading-title elementor-size-default\">Seminarium f\u00f6r Ledningsgrupper<\/h2>\t\t\t\t<\/div>\n\t\t\t\t<\/div>\n\t\t\t\t<div class=\"elementor-element elementor-element-8cb6fa0 elementor-widget elementor-widget-text-editor\" data-id=\"8cb6fa0\" data-element_type=\"widget\" data-e-type=\"widget\" data-widget_type=\"text-editor.default\">\n\t\t\t\t<div class=\"elementor-widget-container\">\n\t\t\t\t\t\t\t\t\t<p>Optimera din ledningsgrupps proaktiva ledarskaps- och coachningsf\u00e4rdigheter med ett skr\u00e4ddarsytt ledningsgruppsseminarium.<\/p><p>Vi anpassar seminariet till era \u00f6nskem\u00e5l och de behov som har identifierats \u2013 b\u00e5de genom m\u00f6ten och onlinekurser samt baserat p\u00e5 de bed\u00f6mningar du\/ni har gjort. Om du \u00e4nnu inte har gjort dessa bed\u00f6mningar kan du g\u00f6ra det h\u00e4r.<\/p><p>Seminarierna kan vara med eller utan \u00f6vernattning. Ett seminarium som anv\u00e4nder hj\u00e4rna, kropp och natur f\u00f6r att skapa varaktig f\u00f6r\u00e4ndring.<\/p><p>Grunden f\u00f6r seminariet \u00e4r <strong><a href=\"https:\/\/proactivebeing.com\/sv\/e-bok-proaktivt\/\">e-boken PROAKTIV Kultur, Ledarskap och Coaching<\/a><\/strong>. Proaktiv N\u00e4rvaro i Kultur, Ledarskap &amp; Coaching<\/p>\t\t\t\t\t\t\t\t<\/div>\n\t\t\t\t<\/div>\n\t\t\t\t\t<\/div>\n\t\t<\/div>\n\t\t\t\t<div class=\"elementor-column elementor-col-50 elementor-top-column elementor-element elementor-element-dbc7379\" data-id=\"dbc7379\" data-element_type=\"column\" data-e-type=\"column\">\n\t\t\t<div class=\"elementor-widget-wrap elementor-element-populated\">\n\t\t\t\t\t\t<div class=\"elementor-element elementor-element-51d6864 elementor-widget elementor-widget-image\" data-id=\"51d6864\" data-element_type=\"widget\" data-e-type=\"widget\" data-widget_type=\"image.default\">\n\t\t\t\t<div class=\"elementor-widget-container\">\n\t\t\t\t\t\t\t\t\t\t\t\t\t\t\t<img fetchpriority=\"high\" decoding=\"async\" width=\"800\" height=\"534\" src=\"https:\/\/proactivebeing.com\/wp-content\/uploads\/2024\/03\/Thorseng_Juli22_463_WebSize-1024x683.jpg\" class=\"attachment-large size-large wp-image-681\" alt=\"Proactive Being I Kultur, Lederskab &amp; Coaching\" srcset=\"https:\/\/proactivebeing.com\/wp-content\/uploads\/2024\/03\/Thorseng_Juli22_463_WebSize-1024x683.jpg 1024w, https:\/\/proactivebeing.com\/wp-content\/uploads\/2024\/03\/Thorseng_Juli22_463_WebSize-300x200.jpg 300w, https:\/\/proactivebeing.com\/wp-content\/uploads\/2024\/03\/Thorseng_Juli22_463_WebSize-768x512.jpg 768w, https:\/\/proactivebeing.com\/wp-content\/uploads\/2024\/03\/Thorseng_Juli22_463_WebSize-1536x1024.jpg 1536w, https:\/\/proactivebeing.com\/wp-content\/uploads\/2024\/03\/Thorseng_Juli22_463_WebSize-2048x1366.jpg 2048w\" sizes=\"(max-width: 800px) 100vw, 800px\" \/>\t\t\t\t\t\t\t\t\t\t\t\t\t\t\t<\/div>\n\t\t\t\t<\/div>\n\t\t\t\t\t<\/div>\n\t\t<\/div>\n\t\t\t\t\t<\/div>\n\t\t<\/section>\n\t\t\t\t<section data-particle_enable=\"false\" data-particle-mobile-disabled=\"false\" class=\"elementor-section elementor-top-section elementor-element elementor-element-9eddc4c elementor-section-boxed elementor-section-height-default elementor-section-height-default\" data-id=\"9eddc4c\" data-element_type=\"section\" data-e-type=\"section\" data-settings=\"{&quot;background_background&quot;:&quot;classic&quot;}\">\n\t\t\t\t\t\t<div class=\"elementor-container elementor-column-gap-default\">\n\t\t\t\t\t<div class=\"elementor-column elementor-col-100 elementor-top-column elementor-element elementor-element-404f418\" data-id=\"404f418\" data-element_type=\"column\" data-e-type=\"column\">\n\t\t\t<div class=\"elementor-widget-wrap elementor-element-populated\">\n\t\t\t\t\t\t<div class=\"elementor-element elementor-element-2e1f8a3 elementor-widget elementor-widget-menu-anchor\" data-id=\"2e1f8a3\" data-element_type=\"widget\" data-e-type=\"widget\" data-widget_type=\"menu-anchor.default\">\n\t\t\t\t<div class=\"elementor-widget-container\">\n\t\t\t\t\t\t\t<div class=\"elementor-menu-anchor\" id=\"assessment\"><\/div>\n\t\t\t\t\t\t<\/div>\n\t\t\t\t<\/div>\n\t\t\t\t<div class=\"elementor-element elementor-element-3db053c elementor-widget elementor-widget-heading\" data-id=\"3db053c\" data-element_type=\"widget\" data-e-type=\"widget\" data-widget_type=\"heading.default\">\n\t\t\t\t<div class=\"elementor-widget-container\">\n\t\t\t\t\t<h2 class=\"elementor-heading-title elementor-size-default\">Vi utg\u00e5r fr\u00e5n ledningsgruppens behov, \u00f6nskem\u00e5l och bed\u00f6mningar.<\/h2>\t\t\t\t<\/div>\n\t\t\t\t<\/div>\n\t\t\t\t<div class=\"elementor-element elementor-element-231feab elementor-widget elementor-widget-text-editor\" data-id=\"231feab\" data-element_type=\"widget\" data-e-type=\"widget\" data-widget_type=\"text-editor.default\">\n\t\t\t\t<div class=\"elementor-widget-container\">\n\t\t\t\t\t\t\t\t\t<p>Med v\u00e5r kultur- och ledarskapsbed\u00f6mning f\u00e5r du en exakt bed\u00f6mning av ditt f\u00f6retags kultur \u2013 och d\u00e4rmed ocks\u00e5 insikt om vad som \u00e4r v\u00e4rt att arbeta vidare med f\u00f6r att optimera dina ledaregenskaper.\u00a0<\/p>\t\t\t\t\t\t\t\t<\/div>\n\t\t\t\t<\/div>\n\t\t\t\t<div class=\"elementor-element elementor-element-9e3a0f9 elementor-align-center elementor-widget elementor-widget-button\" data-id=\"9e3a0f9\" data-element_type=\"widget\" data-e-type=\"widget\" data-widget_type=\"button.default\">\n\t\t\t\t<div class=\"elementor-widget-container\">\n\t\t\t\t\t\t\t\t\t<div class=\"elementor-button-wrapper\">\n\t\t\t\t\t<a class=\"elementor-button elementor-button-link elementor-size-sm\" href=\"https:\/\/forms.office.com\/e\/Evz0edejHn\" target=\"_blank\">\n\t\t\t\t\t\t<span class=\"elementor-button-content-wrapper\">\n\t\t\t\t\t\t<span class=\"elementor-button-icon\">\n\t\t\t\t<i aria-hidden=\"true\" class=\"fas fa-long-arrow-alt-right\"><\/i>\t\t\t<\/span>\n\t\t\t\t\t\t\t\t\t<span class=\"elementor-button-text\">Starta Bed\u00f6mning<\/span>\n\t\t\t\t\t<\/span>\n\t\t\t\t\t<\/a>\n\t\t\t\t<\/div>\n\t\t\t\t\t\t\t\t<\/div>\n\t\t\t\t<\/div>\n\t\t\t\t<div class=\"elementor-element elementor-element-7a70c82 elementor-widget elementor-widget-text-editor\" data-id=\"7a70c82\" data-element_type=\"widget\" data-e-type=\"widget\" data-widget_type=\"text-editor.default\">\n\t\t\t\t<div class=\"elementor-widget-container\">\n\t\t\t\t\t\t\t\t\t<p>Med v\u00e5r proaktiva coachingbed\u00f6mning f\u00e5r du en exakt bed\u00f6mning av vilka omr\u00e5den du kan arbeta med p\u00e5 personlig niv\u00e5 \u2013 personlig utveckling, bem\u00e4strande och kontroll.\u00a0<\/p>\t\t\t\t\t\t\t\t<\/div>\n\t\t\t\t<\/div>\n\t\t\t\t<div class=\"elementor-element elementor-element-b141334 elementor-align-center elementor-widget elementor-widget-button\" data-id=\"b141334\" data-element_type=\"widget\" data-e-type=\"widget\" data-widget_type=\"button.default\">\n\t\t\t\t<div class=\"elementor-widget-container\">\n\t\t\t\t\t\t\t\t\t<div class=\"elementor-button-wrapper\">\n\t\t\t\t\t<a class=\"elementor-button elementor-button-link elementor-size-sm\" href=\"https:\/\/forms.office.com\/e\/1B3bJ48igZ\" target=\"_blank\">\n\t\t\t\t\t\t<span class=\"elementor-button-content-wrapper\">\n\t\t\t\t\t\t<span class=\"elementor-button-icon\">\n\t\t\t\t<i aria-hidden=\"true\" class=\"fas fa-long-arrow-alt-right\"><\/i>\t\t\t<\/span>\n\t\t\t\t\t\t\t\t\t<span class=\"elementor-button-text\">Starta Bed\u00f6mning<\/span>\n\t\t\t\t\t<\/span>\n\t\t\t\t\t<\/a>\n\t\t\t\t<\/div>\n\t\t\t\t\t\t\t\t<\/div>\n\t\t\t\t<\/div>\n\t\t\t\t\t<\/div>\n\t\t<\/div>\n\t\t\t\t\t<\/div>\n\t\t<\/section>\n\t\t\t\t<section data-particle_enable=\"false\" data-particle-mobile-disabled=\"false\" class=\"elementor-section elementor-top-section elementor-element elementor-element-021611d elementor-section-height-min-height elementor-section-stretched animated-slow elementor-section-boxed elementor-section-height-default elementor-section-items-middle\" data-id=\"021611d\" data-element_type=\"section\" data-e-type=\"section\" data-settings=\"{&quot;background_background&quot;:&quot;classic&quot;,&quot;stretch_section&quot;:&quot;section-stretched&quot;,&quot;animation&quot;:&quot;none&quot;}\">\n\t\t\t\t\t\t\t<div class=\"elementor-background-overlay\"><\/div>\n\t\t\t\t\t\t\t<div class=\"elementor-container elementor-column-gap-default\">\n\t\t\t\t\t<div class=\"elementor-column elementor-col-100 elementor-top-column elementor-element elementor-element-8f01eb3\" data-id=\"8f01eb3\" data-element_type=\"column\" data-e-type=\"column\">\n\t\t\t<div class=\"elementor-widget-wrap\">\n\t\t\t\t\t\t\t<\/div>\n\t\t<\/div>\n\t\t\t\t\t<\/div>\n\t\t<\/section>\n\t\t\t\t<\/div>\n\t\t","protected":false},"excerpt":{"rendered":"<p>Skr\u00e4ddarsydda Seminarier Optimera dina proaktiva f\u00e4rdigheter https:\/\/proactivebeing.com\/wp-content\/uploads\/2024\/01\/PB-video-16-9-w_sub.mov Seminarium f\u00f6r Ledningsgrupper Optimera din ledningsgrupps proaktiva ledarskaps- och coachningsf\u00e4rdigheter med ett skr\u00e4ddarsytt ledningsgruppsseminarium. Vi anpassar seminariet till era \u00f6nskem\u00e5l och de behov som har identifierats \u2013 b\u00e5de genom m\u00f6ten och onlinekurser samt baserat p\u00e5 de bed\u00f6mningar du\/ni har gjort. Om du \u00e4nnu inte har gjort dessa bed\u00f6mningar [&hellip;]<\/p>\n","protected":false},"author":1,"featured_media":897,"parent":0,"menu_order":0,"comment_status":"closed","ping_status":"closed","template":"elementor_header_footer","meta":{"footnotes":""},"class_list":["post-1328","page","type-page","status-publish","has-post-thumbnail","hentry"],"yoast_head":"<!-- This site is optimized with the Yoast SEO plugin v27.6 - https:\/\/yoast.com\/product\/yoast-seo-wordpress\/ -->\n<title>Skr\u00e4ddarsydda Seminarier | Seminarium f\u00f6r Ledningsgrupper<\/title>\n<meta name=\"description\" content=\"Optimera din ledningsgrupps proaktiva ledarskaps- och coachningsf\u00e4rdigheter med ett skr\u00e4ddarsytt ledningsgruppsseminarium.\" \/>\n<meta name=\"robots\" content=\"index, follow, max-snippet:-1, max-image-preview:large, max-video-preview:-1\" \/>\n<link rel=\"canonical\" href=\"https:\/\/proactivebeing.com\/sv\/skraddarsydda-seminarier\/\" \/>\n<meta property=\"og:locale\" content=\"sv_SE\" \/>\n<meta property=\"og:type\" content=\"article\" \/>\n<meta property=\"og:title\" content=\"Skr\u00e4ddarsydda Seminarier | Seminarium f\u00f6r Ledningsgrupper\" \/>\n<meta property=\"og:description\" content=\"Optimera din ledningsgrupps proaktiva ledarskaps- och coachningsf\u00e4rdigheter med ett skr\u00e4ddarsytt ledningsgruppsseminarium.\" \/>\n<meta property=\"og:url\" content=\"https:\/\/proactivebeing.com\/sv\/skraddarsydda-seminarier\/\" \/>\n<meta property=\"og:site_name\" content=\"Proactive Being\" \/>\n<meta property=\"article:modified_time\" content=\"2024-07-10T09:55:22+00:00\" \/>\n<meta property=\"og:image\" content=\"https:\/\/proactivebeing.com\/wp-content\/uploads\/2023\/06\/Thorseng-.jpeg\" \/>\n\t<meta property=\"og:image:width\" content=\"2496\" \/>\n\t<meta property=\"og:image:height\" content=\"1408\" \/>\n\t<meta property=\"og:image:type\" content=\"image\/jpeg\" \/>\n<meta name=\"twitter:card\" content=\"summary_large_image\" \/>\n<meta name=\"twitter:label1\" content=\"Ber\u00e4knad l\u00e4stid\" \/>\n\t<meta name=\"twitter:data1\" content=\"2 minuter\" \/>\n<script type=\"application\/ld+json\" class=\"yoast-schema-graph\">{\"@context\":\"https:\\\/\\\/schema.org\",\"@graph\":[{\"@type\":\"WebPage\",\"@id\":\"https:\\\/\\\/proactivebeing.com\\\/sv\\\/skraddarsydda-seminarier\\\/\",\"url\":\"https:\\\/\\\/proactivebeing.com\\\/sv\\\/skraddarsydda-seminarier\\\/\",\"name\":\"Skr\u00e4ddarsydda Seminarier | Seminarium f\u00f6r Ledningsgrupper\",\"isPartOf\":{\"@id\":\"https:\\\/\\\/proactivebeing.com\\\/sv\\\/#website\"},\"primaryImageOfPage\":{\"@id\":\"https:\\\/\\\/proactivebeing.com\\\/sv\\\/skraddarsydda-seminarier\\\/#primaryimage\"},\"image\":{\"@id\":\"https:\\\/\\\/proactivebeing.com\\\/sv\\\/skraddarsydda-seminarier\\\/#primaryimage\"},\"thumbnailUrl\":\"https:\\\/\\\/proactivebeing.com\\\/wp-content\\\/uploads\\\/2023\\\/06\\\/Thorseng-.jpeg\",\"datePublished\":\"2024-03-08T17:42:14+00:00\",\"dateModified\":\"2024-07-10T09:55:22+00:00\",\"description\":\"Optimera din ledningsgrupps proaktiva ledarskaps- och coachningsf\u00e4rdigheter med ett skr\u00e4ddarsytt ledningsgruppsseminarium.\",\"breadcrumb\":{\"@id\":\"https:\\\/\\\/proactivebeing.com\\\/sv\\\/skraddarsydda-seminarier\\\/#breadcrumb\"},\"inLanguage\":\"sv-SE\",\"potentialAction\":[{\"@type\":\"ReadAction\",\"target\":[\"https:\\\/\\\/proactivebeing.com\\\/sv\\\/skraddarsydda-seminarier\\\/\"]}]},{\"@type\":\"ImageObject\",\"inLanguage\":\"sv-SE\",\"@id\":\"https:\\\/\\\/proactivebeing.com\\\/sv\\\/skraddarsydda-seminarier\\\/#primaryimage\",\"url\":\"https:\\\/\\\/proactivebeing.com\\\/wp-content\\\/uploads\\\/2023\\\/06\\\/Thorseng-.jpeg\",\"contentUrl\":\"https:\\\/\\\/proactivebeing.com\\\/wp-content\\\/uploads\\\/2023\\\/06\\\/Thorseng-.jpeg\",\"width\":2496,\"height\":1408},{\"@type\":\"BreadcrumbList\",\"@id\":\"https:\\\/\\\/proactivebeing.com\\\/sv\\\/skraddarsydda-seminarier\\\/#breadcrumb\",\"itemListElement\":[{\"@type\":\"ListItem\",\"position\":1,\"name\":\"Hjem\",\"item\":\"https:\\\/\\\/proactivebeing.com\\\/sv\\\/\"},{\"@type\":\"ListItem\",\"position\":2,\"name\":\"Skr\u00e4ddarsydda Seminarier\"}]},{\"@type\":\"WebSite\",\"@id\":\"https:\\\/\\\/proactivebeing.com\\\/sv\\\/#website\",\"url\":\"https:\\\/\\\/proactivebeing.com\\\/sv\\\/\",\"name\":\"Proactive Being\",\"description\":\"Brug hjerne, krop og natur til en forandring PROAKTIVT\",\"publisher\":{\"@id\":\"https:\\\/\\\/proactivebeing.com\\\/sv\\\/#organization\"},\"alternateName\":\"Brug hjerne, krop og natur til en forandring\",\"potentialAction\":[{\"@type\":\"SearchAction\",\"target\":{\"@type\":\"EntryPoint\",\"urlTemplate\":\"https:\\\/\\\/proactivebeing.com\\\/sv\\\/?s={search_term_string}\"},\"query-input\":{\"@type\":\"PropertyValueSpecification\",\"valueRequired\":true,\"valueName\":\"search_term_string\"}}],\"inLanguage\":\"sv-SE\"},{\"@type\":\"Organization\",\"@id\":\"https:\\\/\\\/proactivebeing.com\\\/sv\\\/#organization\",\"name\":\"Proactive Being\",\"alternateName\":\"Brug hjerne, krop og natur til en forandring\",\"url\":\"https:\\\/\\\/proactivebeing.com\\\/sv\\\/\",\"logo\":{\"@type\":\"ImageObject\",\"inLanguage\":\"sv-SE\",\"@id\":\"https:\\\/\\\/proactivebeing.com\\\/sv\\\/#\\\/schema\\\/logo\\\/image\\\/\",\"url\":\"https:\\\/\\\/proactivebeing.com\\\/wp-content\\\/uploads\\\/2024\\\/03\\\/cropped-Proactive-Being-logo-Bold.png\",\"contentUrl\":\"https:\\\/\\\/proactivebeing.com\\\/wp-content\\\/uploads\\\/2024\\\/03\\\/cropped-Proactive-Being-logo-Bold.png\",\"width\":1054,\"height\":361,\"caption\":\"Proactive Being\"},\"image\":{\"@id\":\"https:\\\/\\\/proactivebeing.com\\\/sv\\\/#\\\/schema\\\/logo\\\/image\\\/\"}}]}<\/script>\n<!-- \/ Yoast SEO plugin. -->","yoast_head_json":{"title":"Skr\u00e4ddarsydda Seminarier | Seminarium f\u00f6r Ledningsgrupper","description":"Optimera din ledningsgrupps proaktiva ledarskaps- och coachningsf\u00e4rdigheter med ett skr\u00e4ddarsytt ledningsgruppsseminarium.","robots":{"index":"index","follow":"follow","max-snippet":"max-snippet:-1","max-image-preview":"max-image-preview:large","max-video-preview":"max-video-preview:-1"},"canonical":"https:\/\/proactivebeing.com\/sv\/skraddarsydda-seminarier\/","og_locale":"sv_SE","og_type":"article","og_title":"Skr\u00e4ddarsydda Seminarier | Seminarium f\u00f6r Ledningsgrupper","og_description":"Optimera din ledningsgrupps proaktiva ledarskaps- och coachningsf\u00e4rdigheter med ett skr\u00e4ddarsytt ledningsgruppsseminarium.","og_url":"https:\/\/proactivebeing.com\/sv\/skraddarsydda-seminarier\/","og_site_name":"Proactive Being","article_modified_time":"2024-07-10T09:55:22+00:00","og_image":[{"width":2496,"height":1408,"url":"https:\/\/proactivebeing.com\/wp-content\/uploads\/2023\/06\/Thorseng-.jpeg","type":"image\/jpeg"}],"twitter_card":"summary_large_image","twitter_misc":{"Ber\u00e4knad l\u00e4stid":"2 minuter"},"schema":{"@context":"https:\/\/schema.org","@graph":[{"@type":"WebPage","@id":"https:\/\/proactivebeing.com\/sv\/skraddarsydda-seminarier\/","url":"https:\/\/proactivebeing.com\/sv\/skraddarsydda-seminarier\/","name":"Skr\u00e4ddarsydda Seminarier | Seminarium f\u00f6r Ledningsgrupper","isPartOf":{"@id":"https:\/\/proactivebeing.com\/sv\/#website"},"primaryImageOfPage":{"@id":"https:\/\/proactivebeing.com\/sv\/skraddarsydda-seminarier\/#primaryimage"},"image":{"@id":"https:\/\/proactivebeing.com\/sv\/skraddarsydda-seminarier\/#primaryimage"},"thumbnailUrl":"https:\/\/proactivebeing.com\/wp-content\/uploads\/2023\/06\/Thorseng-.jpeg","datePublished":"2024-03-08T17:42:14+00:00","dateModified":"2024-07-10T09:55:22+00:00","description":"Optimera din ledningsgrupps proaktiva ledarskaps- och coachningsf\u00e4rdigheter med ett skr\u00e4ddarsytt ledningsgruppsseminarium.","breadcrumb":{"@id":"https:\/\/proactivebeing.com\/sv\/skraddarsydda-seminarier\/#breadcrumb"},"inLanguage":"sv-SE","potentialAction":[{"@type":"ReadAction","target":["https:\/\/proactivebeing.com\/sv\/skraddarsydda-seminarier\/"]}]},{"@type":"ImageObject","inLanguage":"sv-SE","@id":"https:\/\/proactivebeing.com\/sv\/skraddarsydda-seminarier\/#primaryimage","url":"https:\/\/proactivebeing.com\/wp-content\/uploads\/2023\/06\/Thorseng-.jpeg","contentUrl":"https:\/\/proactivebeing.com\/wp-content\/uploads\/2023\/06\/Thorseng-.jpeg","width":2496,"height":1408},{"@type":"BreadcrumbList","@id":"https:\/\/proactivebeing.com\/sv\/skraddarsydda-seminarier\/#breadcrumb","itemListElement":[{"@type":"ListItem","position":1,"name":"Hjem","item":"https:\/\/proactivebeing.com\/sv\/"},{"@type":"ListItem","position":2,"name":"Skr\u00e4ddarsydda Seminarier"}]},{"@type":"WebSite","@id":"https:\/\/proactivebeing.com\/sv\/#website","url":"https:\/\/proactivebeing.com\/sv\/","name":"Proactive Being","description":"Brug hjerne, krop og natur til en forandring PROAKTIVT","publisher":{"@id":"https:\/\/proactivebeing.com\/sv\/#organization"},"alternateName":"Brug hjerne, krop og natur til en forandring","potentialAction":[{"@type":"SearchAction","target":{"@type":"EntryPoint","urlTemplate":"https:\/\/proactivebeing.com\/sv\/?s={search_term_string}"},"query-input":{"@type":"PropertyValueSpecification","valueRequired":true,"valueName":"search_term_string"}}],"inLanguage":"sv-SE"},{"@type":"Organization","@id":"https:\/\/proactivebeing.com\/sv\/#organization","name":"Proactive Being","alternateName":"Brug hjerne, krop og natur til en forandring","url":"https:\/\/proactivebeing.com\/sv\/","logo":{"@type":"ImageObject","inLanguage":"sv-SE","@id":"https:\/\/proactivebeing.com\/sv\/#\/schema\/logo\/image\/","url":"https:\/\/proactivebeing.com\/wp-content\/uploads\/2024\/03\/cropped-Proactive-Being-logo-Bold.png","contentUrl":"https:\/\/proactivebeing.com\/wp-content\/uploads\/2024\/03\/cropped-Proactive-Being-logo-Bold.png","width":1054,"height":361,"caption":"Proactive Being"},"image":{"@id":"https:\/\/proactivebeing.com\/sv\/#\/schema\/logo\/image\/"}}]}},"_links":{"self":[{"href":"https:\/\/proactivebeing.com\/sv\/wp-json\/wp\/v2\/pages\/1328","targetHints":{"allow":["GET"]}}],"collection":[{"href":"https:\/\/proactivebeing.com\/sv\/wp-json\/wp\/v2\/pages"}],"about":[{"href":"https:\/\/proactivebeing.com\/sv\/wp-json\/wp\/v2\/types\/page"}],"author":[{"embeddable":true,"href":"https:\/\/proactivebeing.com\/sv\/wp-json\/wp\/v2\/users\/1"}],"replies":[{"embeddable":true,"href":"https:\/\/proactivebeing.com\/sv\/wp-json\/wp\/v2\/comments?post=1328"}],"version-history":[{"count":5,"href":"https:\/\/proactivebeing.com\/sv\/wp-json\/wp\/v2\/pages\/1328\/revisions"}],"predecessor-version":[{"id":1389,"href":"https:\/\/proactivebeing.com\/sv\/wp-json\/wp\/v2\/pages\/1328\/revisions\/1389"}],"wp:featuredmedia":[{"embeddable":true,"href":"https:\/\/proactivebeing.com\/sv\/wp-json\/wp\/v2\/media\/897"}],"wp:attachment":[{"href":"https:\/\/proactivebeing.com\/sv\/wp-json\/wp\/v2\/media?parent=1328"}],"curies":[{"name":"wp","href":"https:\/\/api.w.org\/{rel}","templated":true}]}}